{"id":2654,"date":"2016-07-05T16:52:48","date_gmt":"2016-07-05T16:52:48","guid":{"rendered":"http:\/\/ormco.ch\/?page_id=2654"},"modified":"2024-10-31T10:44:48","modified_gmt":"2024-10-31T10:44:48","slug":"missione","status":"publish","type":"page","link":"https:\/\/ormco.ch\/it\/ormco\/missione\/","title":{"rendered":"Missione"},"content":{"rendered":"<div class=\"wpb-content-wrapper\"><p>[vc_section full_width=&#8221;stretch_row_content&#8221; el_class=&#8221;no-margin&#8221;][vc_row full_width=&#8221;stretch_row_content_no_spaces&#8221;][vc_column]<div class=\"banner banner--overlay  layout--content-right\" id=\"\" style=\"background-color: #0e1e4c\"><div class=\"banner-media visible-xs visible-sm\"><img loading=\"lazy\" decoding=\"async\" width=\"1024\" height=\"683\" src=\"https:\/\/ormco.ch\/wp-content\/uploads\/sites\/10\/2024\/01\/About-Ormco-1024x683.jpg\" class=\"attachment-large size-large\" alt=\"\" srcset=\"https:\/\/ormco.ch\/wp-content\/uploads\/sites\/10\/2024\/01\/About-Ormco-1024x683.jpg 1024w, https:\/\/ormco.ch\/wp-content\/uploads\/sites\/10\/2024\/01\/About-Ormco-300x200.jpg 300w, https:\/\/ormco.ch\/wp-content\/uploads\/sites\/10\/2024\/01\/About-Ormco-768x512.jpg 768w, https:\/\/ormco.ch\/wp-content\/uploads\/sites\/10\/2024\/01\/About-Ormco-1536x1024.jpg 1536w, https:\/\/ormco.ch\/wp-content\/uploads\/sites\/10\/2024\/01\/About-Ormco-2048x1366.jpg 2048w, https:\/\/ormco.ch\/wp-content\/uploads\/sites\/10\/2024\/01\/About-Ormco-660x440.jpg 660w, https:\/\/ormco.ch\/wp-content\/uploads\/sites\/10\/2024\/01\/About-Ormco-100x67.jpg 100w\" sizes=\"auto, (max-width: 1024px) 100vw, 1024px\" \/><\/div><div class=\"banner-media visible-md visible-lg\"><img loading=\"lazy\" decoding=\"async\" width=\"2500\" height=\"1667\" src=\"https:\/\/ormco.ch\/wp-content\/uploads\/sites\/10\/2024\/01\/About-Ormco.jpg\" class=\"attachment-full size-full\" alt=\"\" srcset=\"https:\/\/ormco.ch\/wp-content\/uploads\/sites\/10\/2024\/01\/About-Ormco.jpg 2500w, https:\/\/ormco.ch\/wp-content\/uploads\/sites\/10\/2024\/01\/About-Ormco-300x200.jpg 300w, https:\/\/ormco.ch\/wp-content\/uploads\/sites\/10\/2024\/01\/About-Ormco-1024x683.jpg 1024w, https:\/\/ormco.ch\/wp-content\/uploads\/sites\/10\/2024\/01\/About-Ormco-768x512.jpg 768w, https:\/\/ormco.ch\/wp-content\/uploads\/sites\/10\/2024\/01\/About-Ormco-1536x1024.jpg 1536w, https:\/\/ormco.ch\/wp-content\/uploads\/sites\/10\/2024\/01\/About-Ormco-2048x1366.jpg 2048w, https:\/\/ormco.ch\/wp-content\/uploads\/sites\/10\/2024\/01\/About-Ormco-660x440.jpg 660w, https:\/\/ormco.ch\/wp-content\/uploads\/sites\/10\/2024\/01\/About-Ormco-100x67.jpg 100w\" sizes=\"auto, (max-width: 2500px) 100vw, 2500px\" \/><\/div><div class=\"container\" ><div class=\"banner-content content-wrap\" ><div class=\"content content--white\" ><h2><strong><a href=\"https:\/\/ormco.ch\/wp-content\/uploads\/sites\/10\/2024\/01\/Ormco-logo_White_RGB.svg\"><img loading=\"lazy\" decoding=\"async\" class=\"alignnone wp-image-7322\" src=\"https:\/\/ormco.ch\/wp-content\/uploads\/sites\/10\/2024\/01\/Ormco-logo_White_RGB.svg\" alt=\"\" width=\"168\" height=\"66\" \/><\/a><br \/>\n<\/strong><\/h2>\n<p><span class=\"ormco-underline\">\u00a0\u00a0<\/span><\/p>\n<h3>Con oltre 60 anni di attenzione all&#8217;ortodonzia, dall&#8217;innovazione dei prodotti alla formazione, vi aiutiamo a creare sorrisi bellissimi.<\/h3>\n<\/div><div class=\"mt-30\"><div class=\"vc_btn3-container vc_btn3-inline\"><a href=\"https:\/\/ormco.ch\/it\/prodotti\/\" class=\"vc_general vc_btn3 vc_btn3-size-md vc_btn3-style-btn vc_btn3-color-primary \" target=\"\">Scoprite i nostri prodotti<\/a><\/div><\/div><\/div><\/div><\/div>[\/vc_column][\/vc_row][\/vc_section][vc_section][vc_row equal_height=&#8221;yes&#8221; content_placement=&#8221;middle&#8221;][vc_column width=&#8221;1\/2&#8243;][vc_column_text]<\/p>\n<h2 style=\"text-align: right;\"><span class=\"text-secondary\">Oltre 60 anni <\/span><\/h2>\n<h2 style=\"text-align: right;\"><span class=\"text-secondary\">di sorrisi<\/span><\/h2>\n<p style=\"text-align: right;\"><span class=\"ormco-underline\">\u00a0\u00a0<\/span><\/p>\n<p style=\"text-align: right;\"><span class=\"text-secondary\">Per oltre 60 anni ci siamo concentrati esclusivamente sull&#8217;aiutarvi a offrire la migliore esperienza possibile ai vostri clienti, collaborando con voi per comprendere meglio le vostre esigenze e le vostre sfide.<\/span><\/p>\n<p style=\"text-align: right;\"><span class=\"text-secondary\">Con un&#8217;attenzione all&#8217;innovazione ispirata da voi e una mentalit\u00e0 di costante apprendimento, ci assicuriamo che abbiate sempre accesso alla tecnologia pi\u00f9 recente per far crescere le vostre pratiche grazie a clienti soddisfatti. Con una tradizione di continui investimenti in ricerca e sviluppo, le nostre soluzioni consentono agli studi leader di migliorare i sorrisi dei pazienti.<\/span><\/p>\n<p>[\/vc_column_text][vc_empty_space][\/vc_column][vc_column width=&#8221;1\/2&#8243;][vc_single_image image=&#8221;7338&#8243; img_size=&#8221;full&#8221;][vc_empty_space][\/vc_column][\/vc_row][\/vc_section][vc_section][vc_row][vc_column width=&#8221;1\/2&#8243;][vc_single_image image=&#8221;7335&#8243; img_size=&#8221;full&#8221;][vc_empty_space][\/vc_column][vc_column width=&#8221;1\/2&#8243;][vc_column_text]<\/p>\n<h2><span class=\"text-secondary\">Ortodonzia: niente di pi\u00f9, niente di menor<\/span><\/h2>\n<p><span class=\"ormco-underline\">\u00a0\u00a0<\/span><\/p>\n<p><span class=\"text-secondary\">Ormco \u00e8 leader mondiale nell&#8217;ortodonzia. Offriamo una linea completa di prodotti ortodontici, niente di pi\u00f9, niente di meno. Questo vi d\u00e0 la libert\u00e0 clinica di far crescere le vostre pratiche nel modo pi\u00f9 adatto a voi, insieme a Ormco. Come parte del gruppo Envista, Ormco offre una gamma completa di soluzioni ortodontiche per soddisfare le esigenze di ogni paziente.<\/span><\/p>\n<p><span class=\"text-secondary\">Non perdete tempo a fare shopping con pi\u00f9 fornitori e scegliete Ormco: <strong>un unico partner per tutte le vostre esigenze.<\/strong><\/span>[\/vc_column_text][vc_empty_space height=&#8221;20px&#8221;][vc_btn title=&#8221;Scoprite i nostri prodotti&#8221; style=&#8221;btn&#8221; color=&#8221;primary&#8221; link=&#8221;url:https%3A%2F%2Formco.ch%2Fit%2Fprodotti%2F|title:Prodotti&#8221;][vc_empty_space][\/vc_column][\/vc_row][\/vc_section][vc_section][vc_row equal_height=&#8221;yes&#8221; content_placement=&#8221;middle&#8221;][vc_column width=&#8221;1\/2&#8243;][vc_column_text]<\/p>\n<h2><span style=\"color: #0e1e4c;\">Vi educiamo e vi responsabilizziamo<\/span><\/h2>\n<p><span class=\"ormco-underline\">\u00a0\u00a0<\/span><\/p>\n<p><span class=\"text-secondary\">Con i consumatori informati di oggi che prendono decisioni online, comprendiamo il vostro ruolo vitale nel guidare i pazienti a fare la scelta migliore per il loro trattamento in un ambiente sempre pi\u00f9 complesso.<\/span><\/p>\n<p><span class=\"text-secondary\"><strong>Ormco vi istruisce e vi prepara per il futuro del vostro studio.<\/strong><\/span>[\/vc_column_text][vc_empty_space height=&#8221;20px&#8221;][vc_btn title=&#8221;Scoprite la nostra formazione&#8221; style=&#8221;btn&#8221; color=&#8221;primary&#8221; link=&#8221;url:https%3A%2F%2Formco.ch%2Fit%2Feducazione%2F|title:Educazione&#8221;][vc_empty_space][\/vc_column][vc_column width=&#8221;1\/2&#8243;][vc_single_image image=&#8221;7329&#8243; img_size=&#8221;large&#8221;][vc_empty_space][\/vc_column][\/vc_row][\/vc_section][vc_section full_width=&#8221;stretch_row&#8221; css=&#8221;.vc_custom_1704972754794{background-color: #0e1e4c !important;}&#8221;][vc_row el_class=&#8221;layout&#8211;content-right&#8221;][vc_column][vc_column_text el_class=&#8221;wpb_text_column&#8211;white&#8221;]<\/p>\n<h2>Ricevi la newsletter mensile di Ormco nella tua casella di posta elettronica<\/h2>\n<p>Ogni mese inviamo una newsletter con tutti gli ultimi sviluppi dei prodotti, i casi di studio e i prossimi eventi formativi![\/vc_column_text][vc_empty_space height=&#8221;20px&#8221;]<div class=\"vc_btn3-container vc_btn3-inline\">\n                                            <button type=\"button\" class=\"vc_general vc_btn3 vc_btn3-size-md vc_btn3-style-btn vc_btn3-color-primary\"\n                                                    data-toggle=\"modal\" data-target=\"#modal-iscriviti-ora-118\">Iscriviti ora<\/button><\/div><div class=\"modal fade\" id=\"modal-iscriviti-ora-118\" tabindex=\"-1\"\n                                 aria-labelledby=\"iscriviti-ora-118\" aria-hidden=\"true\">\n                                <div class=\"modal-dialog modal-dialog-centered\">\n                                    <div class=\"modal-content content content--default\">\n                                        <div class=\"modal-header\">\n                                             <button type=\"button\" class=\"close\" data-dismiss=\"modal\" aria-label=\"Close\">\n                                                 <svg class=\"svg-icon\" style=\"fill: #666666; overflow: hidden;\" viewBox=\"0 0 1024 1024\"\n                                                      version=\"1.1\" xmlns=\"http:\/\/www.w3.org\/2000\/svg\">\n                                                      <path d=\"M4.43392 97.36192l90.5088-90.5088 923.18976 923.18976-90.5088 90.5088-923.18976-923.18976ZM930.04288 4.43392l90.5088 90.5088-923.18976 923.18976-90.5088-90.5088 923.18976-923.18976Z\"\/>\n                                                 <\/svg>\n                                             <\/button><h2>Ricevi la newsletter mensile di Ormco nella tua casella di posta elettronica<\/h2>\n<\/div><div class=\"modal-body\"><script charset=\"utf-8\" type=\"text\/javascript\" src=\"\/\/js.hsforms.net\/forms\/v2.js\"><\/script>\n                                <script>\n                                    hbspt.forms.create({\n                                       portalId: \"\",\n                                       formId: \"d9da488b-8a58-40f3-9154-6c737ec37b92\",\n                                    });\n                                <\/script><\/div><\/div><\/div><\/div>[\/vc_column][\/vc_row][\/vc_section][vc_section][vc_row][vc_column][vc_column_text]<\/p>\n<h2><span style=\"color: #0e1e4c;\">Come sar\u00e0 il futuro?<\/span><\/h2>\n<p><span class=\"ormco-underline\">\u00a0\u00a0<\/span>[\/vc_column_text][vc_empty_space height=&#8221;40px&#8221;][\/vc_column][\/vc_row][vc_row][vc_column width=&#8221;1\/2&#8243;][vc_column_text]<span class=\"text-secondary\">Questa domanda ci entusiasma ancora perch\u00e9 il futuro non \u00e8 scontato. C&#8217;\u00e8 sempre un senso di possibilit\u00e0.<\/span><\/p>\n<p><span class=\"text-secondary\">Quando \u00e8 il futuro a guidarci, cerchiamo sempre di rimediare a un errore, di andare avanti, di prendere l&#8217;iniziativa. Si tratta di un miglioramento continuo.<\/span><\/p>\n<p><span class=\"text-secondary\">L&#8217;ortodonzia ci affascina. Il nostro futuro consiste nell&#8217;aiutare gli ortodontisti come voi a potenziare i pazienti. Ampliamo le possibilit\u00e0 della pratica ortodontica con nuove soluzioni che possono cambiare la vita del paziente.<\/span><\/p>\n<p><span class=\"text-secondary\">I nostri clienti apprezzano la qualit\u00e0 impeccabile che Ormco offre e la nostra capacit\u00e0 di incorporare il loro feedback in prodotti migliori e ottimali. Vi aiutiamo a comprendere tutti i vostri pazienti per offrire soluzioni che rispondano esattamente alle loro esigenze.<\/span>[\/vc_column_text][\/vc_column][vc_column width=&#8221;1\/2&#8243;][vc_column_text]<span class=\"text-secondary\">Il viaggio di Ormco ha visto un&#8217;evoluzione come uno degli attori pi\u00f9 significativi del settore, che comprende un&#8217;ampia gamma di prodotti innovativi per una vasta gamma di pratiche. Siamo orgogliosi dei 60 anni trascorsi come partner chiave per la comunit\u00e0 ortodontica in tutti i punti di contatto. Dalla progettazione alla formazione, dal design alla produzione, le nostre soluzioni innovative hanno migliorato la vita dei nostri clienti e dei loro pazienti.<\/span><\/p>\n<p><span class=\"text-secondary\">Conosciamo la differenza che pu\u00f2 fare un sorriso e ci impegniamo a definire il futuro dell&#8217;ortodonzia per aiutarvi a realizzare il giusto percorso di trattamento con i tempi pi\u00f9 brevi e i risultati migliori.<\/span><\/p>\n<p><span class=\"text-secondary\">La nostra missione \u00e8 quella di essere sempre all&#8217;avanguardia. Non solo per permettervi di realizzare i sorrisi di oggi, ma anche per accedere alle innovazioni che vi aiuteranno a realizzare i sorrisi di domani.<\/span><\/p>\n<p><span class=\"text-secondary\">Vi istruiremo, saremo al vostro fianco e vi aiuteremo a cambiare la vita.<\/span><\/p>\n<p><span class=\"text-secondary\"><strong>Ormco &#8211; Guidare insieme il futuro dell&#8217;ortodonzia.<\/strong><\/span>[\/vc_column_text][\/vc_column][\/vc_row][vc_row][vc_column][vc_empty_space height=&#8221;60px&#8221;][\/vc_column][\/vc_row][\/vc_section]<\/p>\n<\/div>","protected":false},"excerpt":{"rendered":"<p>[vc_section full_width=&#8221;stretch_row_content&#8221; el_class=&#8221;no-margin&#8221;][vc_row full_width=&#8221;stretch_row_content_no_spaces&#8221;][vc_column][\/vc_column][\/vc_row][\/vc_section][vc_section][vc_row equal_height=&#8221;yes&#8221; content_placement=&#8221;middle&#8221;][vc_column width=&#8221;1\/2&#8243;][vc_column_text] Oltre 60 anni di sorrisi \u00a0\u00a0 Per oltre 60 anni ci siamo concentrati esclusivamente sull&#8217;aiutarvi a offrire la migliore esperienza possibile ai vostri clienti, collaborando con voi per comprendere meglio le vostre esigenze e le vostre sfide. Con un&#8217;attenzione all&#8217;innovazione ispirata da voi e una mentalit\u00e0 di costante [&hellip;]<\/p>\n","protected":false},"author":2,"featured_media":0,"parent":2653,"menu_order":4,"comment_status":"closed","ping_status":"closed","template":"template-contenido.php","meta":{"_acf_changed":false,"inline_featured_image":false,"footnotes":""},"class_list":["post-2654","page","type-page","status-publish","hentry"],"acf":[],"_links":{"self":[{"href":"https:\/\/ormco.ch\/it\/wp-json\/wp\/v2\/pages\/2654","targetHints":{"allow":["GET"]}}],"collection":[{"href":"https:\/\/ormco.ch\/it\/wp-json\/wp\/v2\/pages"}],"about":[{"href":"https:\/\/ormco.ch\/it\/wp-json\/wp\/v2\/types\/page"}],"author":[{"embeddable":true,"href":"https:\/\/ormco.ch\/it\/wp-json\/wp\/v2\/users\/2"}],"replies":[{"embeddable":true,"href":"https:\/\/ormco.ch\/it\/wp-json\/wp\/v2\/comments?post=2654"}],"version-history":[{"count":3,"href":"https:\/\/ormco.ch\/it\/wp-json\/wp\/v2\/pages\/2654\/revisions"}],"predecessor-version":[{"id":7905,"href":"https:\/\/ormco.ch\/it\/wp-json\/wp\/v2\/pages\/2654\/revisions\/7905"}],"up":[{"embeddable":true,"href":"https:\/\/ormco.ch\/it\/wp-json\/wp\/v2\/pages\/2653"}],"wp:attachment":[{"href":"https:\/\/ormco.ch\/it\/wp-json\/wp\/v2\/media?parent=2654"}],"curies":[{"name":"wp","href":"https:\/\/api.w.org\/{rel}","templated":true}]}}