{"id":9181,"date":"2024-07-17T10:21:27","date_gmt":"2024-07-17T10:21:27","guid":{"rendered":"https:\/\/ormco.ch\/?page_id=9181"},"modified":"2024-09-26T10:05:59","modified_gmt":"2024-09-26T10:05:59","slug":"doctor-login","status":"publish","type":"page","link":"https:\/\/ormco.ch\/fr\/doctor-login\/","title":{"rendered":"Doctor Login"},"content":{"rendered":"<div class=\"wpb-content-wrapper\"><p>[vc_row full_width=&#8221;stretch_row_content_no_spaces&#8221; el_class=&#8221;no-margin&#8221;][vc_column]<div class=\"banner   layout--content-left\" id=\"\" style=\"background-color: #0e1e4c\"><div class=\"banner-media visible-xs visible-sm\"><\/div><div class=\"banner-media visible-md visible-lg\"><img loading=\"lazy\" decoding=\"async\" width=\"2560\" height=\"978\" src=\"https:\/\/ormco.ch\/wp-content\/uploads\/sites\/10\/2024\/07\/Login-Hero-Banner.jpg\" class=\"attachment-full size-full\" alt=\"\" srcset=\"https:\/\/ormco.ch\/wp-content\/uploads\/sites\/10\/2024\/07\/Login-Hero-Banner.jpg 2560w, https:\/\/ormco.ch\/wp-content\/uploads\/sites\/10\/2024\/07\/Login-Hero-Banner-300x115.jpg 300w, https:\/\/ormco.ch\/wp-content\/uploads\/sites\/10\/2024\/07\/Login-Hero-Banner-1024x391.jpg 1024w, https:\/\/ormco.ch\/wp-content\/uploads\/sites\/10\/2024\/07\/Login-Hero-Banner-768x293.jpg 768w, https:\/\/ormco.ch\/wp-content\/uploads\/sites\/10\/2024\/07\/Login-Hero-Banner-1536x587.jpg 1536w, https:\/\/ormco.ch\/wp-content\/uploads\/sites\/10\/2024\/07\/Login-Hero-Banner-2048x782.jpg 2048w, https:\/\/ormco.ch\/wp-content\/uploads\/sites\/10\/2024\/07\/Login-Hero-Banner-100x38.jpg 100w\" sizes=\"auto, (max-width: 2560px) 100vw, 2560px\" \/><\/div><div class=\"container\" ><div class=\"banner-content content-wrap\" ><div class=\"content content--white\" ><h1>Doctor Login<\/h1>\n<p><span class=\"ormco-underline\">\u00a0\u00a0<\/span><\/p>\n<\/div><\/div><\/div><\/div>[\/vc_column][\/vc_row][vc_section full_width=&#8221;stretch_row&#8221; el_class=&#8221;no-margin&#8221;][vc_row][vc_column][vc_empty_space height=&#8221;60px&#8221;][\/vc_column][\/vc_row][vc_row][vc_column width=&#8221;1\/3&#8243; css=&#8221;.vc_custom_1721140587662{margin-right: 30px !important;margin-left: 30px !important;}&#8221;][vc_single_image image=&#8221;9177&#8243; img_size=&#8221;full&#8221; alignment=&#8221;center&#8221; css=&#8221;&#8221;][vc_empty_space height=&#8221;20px&#8221;][vc_btn title=&#8221;Spark Login&#8221; style=&#8221;btn&#8221; color=&#8221;primary&#8221; align=&#8221;center&#8221; i_icon_fontawesome=&#8221;fas fa-sign-in-alt&#8221; css=&#8221;&#8221; button_block=&#8221;true&#8221; add_icon=&#8221;true&#8221; link=&#8221;url:https%3A%2F%2Faligners.ormcodigital.com%2Fsso%2Flogin|title:Spark%20Login|target:_blank|rel:nofollow&#8221;][\/vc_column][vc_column width=&#8221;1\/3&#8243; css=&#8221;.vc_custom_1721140603969{margin-right: 30px !important;margin-left: 30px !important;}&#8221;][vc_single_image image=&#8221;9173&#8243; img_size=&#8221;full&#8221; alignment=&#8221;center&#8221; css=&#8221;&#8221;][vc_empty_space height=&#8221;20px&#8221;][vc_btn title=&#8221;Ormco Digital Bonding Login&#8221; style=&#8221;btn&#8221; color=&#8221;primary&#8221; align=&#8221;center&#8221; i_icon_fontawesome=&#8221;fas fa-sign-in-alt&#8221; css=&#8221;&#8221; button_block=&#8221;true&#8221; add_icon=&#8221;true&#8221; link=&#8221;url:https%3A%2F%2Faligners.ormcodigital.com%2Fsso%2Flogin|title:Spark%20Login|target:_blank|rel:nofollow&#8221;][\/vc_column][vc_column width=&#8221;1\/3&#8243; css=&#8221;.vc_custom_1721140613177{margin-right: 30px !important;margin-left: 30px !important;}&#8221;][vc_single_image image=&#8221;9169&#8243; img_size=&#8221;full&#8221; alignment=&#8221;center&#8221; css=&#8221;&#8221;][vc_empty_space height=&#8221;20px&#8221;][vc_btn title=&#8221;Insignia Login&#8221; style=&#8221;btn&#8221; color=&#8221;primary&#8221; align=&#8221;center&#8221; i_icon_fontawesome=&#8221;fas fa-sign-in-alt&#8221; css=&#8221;&#8221; button_block=&#8221;true&#8221; add_icon=&#8221;true&#8221; link=&#8221;url:https%3A%2F%2Fwww.ormcodigital.com%2Flogin%2F|title:Spark%20Login|target:_blank|rel:nofollow&#8221;][\/vc_column][\/vc_row][vc_row][vc_column width=&#8221;1\/3&#8243; css=&#8221;.vc_custom_1721140587662{margin-right: 30px !important;margin-left: 30px !important;}&#8221;][vc_empty_space height=&#8221;60px&#8221;][vc_column_text css=&#8221;&#8221;]<span class=\"text-secondary\">Con\u00e7u pour les besoins des orthodontistes.Spark est un syst\u00e8me d\u2019aligneurs transparents avanc\u00e9 con\u00e7u pour une planification de traitement plus pr\u00e9visible et plus efficace, du d\u00e9but \u00e0 la fin.<\/span>[\/vc_column_text][vc_empty_space height=&#8221;20px&#8221;][vc_btn title=&#8221;En savoir plus&#8221; style=&#8221;link&#8221; color=&#8221;secondary&#8221; align=&#8221;center&#8221; i_align=&#8221;right&#8221; i_icon_fontawesome=&#8221;fas fa-angle-right&#8221; css=&#8221;&#8221; add_icon=&#8221;true&#8221; link=&#8221;url:https%3A%2F%2Formco.ch%2Ffr%2Fproduits%2Fspark%2F|title:Spark%20|rel:nofollow&#8221;][\/vc_column][vc_column width=&#8221;1\/3&#8243; css=&#8221;.vc_custom_1721140603969{margin-right: 30px !important;margin-left: 30px !important;}&#8221;][vc_empty_space height=&#8221;60px&#8221;][vc_column_text css=&#8221;&#8221;]<span class=\"text-secondary\">Ormco Digital Bonding combine nos solutions pour obtenir le meilleur positionnement des brackets. Il s\u2019appuie sur les brackets et les arcs Ormco, la plateforme logicielle Spark et la technologie de jig de transfert Ormco pour rationaliser le flux de travail du cabinet.<\/span>[\/vc_column_text][vc_empty_space height=&#8221;20px&#8221;][vc_btn title=&#8221;En savoir plus&#8221; style=&#8221;link&#8221; color=&#8221;secondary&#8221; align=&#8221;center&#8221; i_align=&#8221;right&#8221; i_icon_fontawesome=&#8221;fas fa-angle-right&#8221; css=&#8221;&#8221; add_icon=&#8221;true&#8221; link=&#8221;url:https%3A%2F%2Formco.ch%2Ffr%2Fproduits%2Formco-digital-bonding%2F|title:Ormco%20Digital%20Bonding|rel:nofollow&#8221;][\/vc_column][vc_column width=&#8221;1\/3&#8243; css=&#8221;.vc_custom_1721140613177{margin-right: 30px !important;margin-left: 30px !important;}&#8221;][vc_empty_space height=&#8221;60px&#8221;][vc_column_text css=&#8221;&#8221;]<span class=\"text-secondary\">Insignia propose un syst\u00e8me de brackets enti\u00e8rement individualis\u00e9s qui s\u2019appuie sur une technologie de pointe en orthodontie num\u00e9rique. Gr\u00e2ce \u00e0 cette innovation, les praticiens b\u00e9n\u00e9ficient d\u2019un outil de conception pr\u00e9cis et efficace.<\/span>[\/vc_column_text][vc_empty_space height=&#8221;20px&#8221;][vc_btn title=&#8221;En savoir plus&#8221; style=&#8221;link&#8221; color=&#8221;secondary&#8221; align=&#8221;center&#8221; i_align=&#8221;right&#8221; i_icon_fontawesome=&#8221;fas fa-angle-right&#8221; css=&#8221;&#8221; add_icon=&#8221;true&#8221; link=&#8221;url:https%3A%2F%2Formco.ch%2Ffr%2Fproduits%2Fbrackets%2Fbrackets-digitales%2Finsignia%2F|title:Insignia|rel:nofollow&#8221;][\/vc_column][\/vc_row][\/vc_section][vc_row][vc_column][vc_empty_space height=&#8221;60px&#8221;][\/vc_column][\/vc_row][vc_section full_width=&#8221;stretch_row&#8221; css=&#8221;.vc_custom_1721143156907{background-color: #f2f1ec !important;}&#8221; el_class=&#8221;no-margin&#8221;][vc_row el_class=&#8221;wpb_text_column&#8211;white&#8221;][vc_column][vc_empty_space height=&#8221;40px&#8221;][vc_column_text css=&#8221;&#8221;]<\/p>\n<h3 style=\"text-align: center;\"><span class=\"text-secondary\">En savoir plus sur nos produits<\/span><\/h3>\n<p>[\/vc_column_text][vc_empty_space][\/vc_column][\/vc_row][vc_row el_class=&#8221;layout&#8211;content-center&#8221;][vc_column]<div class=\"vc_btn3-container vc_btn3-inline\">\n                                            <button type=\"button\" class=\"vc_general vc_btn3 vc_btn3-size-md vc_btn3-style-btn vc_btn3-color-primary\"\n                                                    data-toggle=\"modal\" data-target=\"#modal-demander-plus-dinformations-960\">Demander plus d\u2019informations<\/button><\/div><div class=\"modal fade\" id=\"modal-demander-plus-dinformations-960\" tabindex=\"-1\"\n                                 aria-labelledby=\"demander-plus-dinformations-960\" aria-hidden=\"true\">\n                                <div class=\"modal-dialog modal-dialog-centered\">\n                                    <div class=\"modal-content content content--default\">\n                                        <div class=\"modal-header\">\n                                             <button type=\"button\" class=\"close\" data-dismiss=\"modal\" aria-label=\"Close\">\n                                                 <svg class=\"svg-icon\" style=\"fill: #666666; overflow: hidden;\" viewBox=\"0 0 1024 1024\"\n                                                      version=\"1.1\" xmlns=\"http:\/\/www.w3.org\/2000\/svg\">\n                                                      <path d=\"M4.43392 97.36192l90.5088-90.5088 923.18976 923.18976-90.5088 90.5088-923.18976-923.18976ZM930.04288 4.43392l90.5088 90.5088-923.18976 923.18976-90.5088-90.5088 923.18976-923.18976Z\"\/>\n                                                 <\/svg>\n                                             <\/button><h2>Demander plus d\u2019informations<\/h2>\n<\/div><div class=\"modal-body\"><script charset=\"utf-8\" type=\"text\/javascript\" src=\"\/\/js.hsforms.net\/forms\/v2.js\"><\/script>\n                                <script>\n                                    hbspt.forms.create({\n                                       portalId: \"\",\n                                       formId: \"1c964b1c-a15b-4550-b462-9212674469e8\",\n                                    });\n                                <\/script><\/div><\/div><\/div><\/div>[\/vc_column][\/vc_row][vc_row][vc_column][vc_empty_space height=&#8221;30px&#8221;][\/vc_column][\/vc_row][\/vc_section]<\/p>\n<\/div>","protected":false},"excerpt":{"rendered":"<p>[vc_row full_width=&#8221;stretch_row_content_no_spaces&#8221; el_class=&#8221;no-margin&#8221;][vc_column][\/vc_column][\/vc_row][vc_section full_width=&#8221;stretch_row&#8221; el_class=&#8221;no-margin&#8221;][vc_row][vc_column][vc_empty_space height=&#8221;60px&#8221;][\/vc_column][\/vc_row][vc_row][vc_column width=&#8221;1\/3&#8243; css=&#8221;.vc_custom_1721140587662{margin-right: 30px !important;margin-left: 30px !important;}&#8221;][vc_single_image image=&#8221;9177&#8243; img_size=&#8221;full&#8221; alignment=&#8221;center&#8221; css=&#8221;&#8221;][vc_empty_space height=&#8221;20px&#8221;][vc_btn title=&#8221;Spark Login&#8221; style=&#8221;btn&#8221; color=&#8221;primary&#8221; align=&#8221;center&#8221; i_icon_fontawesome=&#8221;fas fa-sign-in-alt&#8221; css=&#8221;&#8221; button_block=&#8221;true&#8221; add_icon=&#8221;true&#8221; link=&#8221;url:https%3A%2F%2Faligners.ormcodigital.com%2Fsso%2Flogin|title:Spark%20Login|target:_blank|rel:nofollow&#8221;][\/vc_column][vc_column width=&#8221;1\/3&#8243; css=&#8221;.vc_custom_1721140603969{margin-right: 30px !important;margin-left: 30px !important;}&#8221;][vc_single_image image=&#8221;9173&#8243; img_size=&#8221;full&#8221; alignment=&#8221;center&#8221; css=&#8221;&#8221;][vc_empty_space height=&#8221;20px&#8221;][vc_btn title=&#8221;Ormco Digital Bonding Login&#8221; style=&#8221;btn&#8221; color=&#8221;primary&#8221; align=&#8221;center&#8221; i_icon_fontawesome=&#8221;fas fa-sign-in-alt&#8221; css=&#8221;&#8221; button_block=&#8221;true&#8221; add_icon=&#8221;true&#8221; link=&#8221;url:https%3A%2F%2Faligners.ormcodigital.com%2Fsso%2Flogin|title:Spark%20Login|target:_blank|rel:nofollow&#8221;][\/vc_column][vc_column width=&#8221;1\/3&#8243; css=&#8221;.vc_custom_1721140613177{margin-right: 30px [&hellip;]<\/p>\n","protected":false},"author":21,"featured_media":0,"parent":0,"menu_order":0,"comment_status":"closed","ping_status":"closed","template":"","meta":{"_acf_changed":false,"inline_featured_image":false,"footnotes":""},"class_list":["post-9181","page","type-page","status-publish","hentry"],"acf":[],"_links":{"self":[{"href":"https:\/\/ormco.ch\/fr\/wp-json\/wp\/v2\/pages\/9181","targetHints":{"allow":["GET"]}}],"collection":[{"href":"https:\/\/ormco.ch\/fr\/wp-json\/wp\/v2\/pages"}],"about":[{"href":"https:\/\/ormco.ch\/fr\/wp-json\/wp\/v2\/types\/page"}],"author":[{"embeddable":true,"href":"https:\/\/ormco.ch\/fr\/wp-json\/wp\/v2\/users\/21"}],"replies":[{"embeddable":true,"href":"https:\/\/ormco.ch\/fr\/wp-json\/wp\/v2\/comments?post=9181"}],"version-history":[{"count":5,"href":"https:\/\/ormco.ch\/fr\/wp-json\/wp\/v2\/pages\/9181\/revisions"}],"predecessor-version":[{"id":9577,"href":"https:\/\/ormco.ch\/fr\/wp-json\/wp\/v2\/pages\/9181\/revisions\/9577"}],"wp:attachment":[{"href":"https:\/\/ormco.ch\/fr\/wp-json\/wp\/v2\/media?parent=9181"}],"curies":[{"name":"wp","href":"https:\/\/api.w.org\/{rel}","templated":true}]}}