{"id":5,"date":"2016-03-02T15:56:34","date_gmt":"2016-03-02T15:56:34","guid":{"rendered":"https:\/\/ormcoeurope.com\/?page_id=5"},"modified":"2025-05-12T08:20:07","modified_gmt":"2025-05-12T08:20:07","slug":"home","status":"publish","type":"page","link":"https:\/\/ormco.ch\/fr\/","title":{"rendered":"Home"},"content":{"rendered":"<div class=\"wpb-content-wrapper\"><p>[vc_section full_width=&#8221;stretch_row_content&#8221; el_class=&#8221;no-margin&#8221;][vc_row full_width=&#8221;stretch_row_content_no_spaces&#8221;][vc_column]<div class=\"banner   layout--content-right\" id=\"\" style=\"background-color: #0e1e4c\"><div class=\"banner-media visible-xs visible-sm\"><img loading=\"lazy\" decoding=\"async\" width=\"1024\" height=\"683\" src=\"https:\/\/ormco.ch\/wp-content\/uploads\/sites\/10\/2024\/02\/Homepage-header-1024x683.jpeg\" class=\"attachment-large size-large\" alt=\"\" srcset=\"https:\/\/ormco.ch\/wp-content\/uploads\/sites\/10\/2024\/02\/Homepage-header-1024x683.jpeg 1024w, https:\/\/ormco.ch\/wp-content\/uploads\/sites\/10\/2024\/02\/Homepage-header-300x200.jpeg 300w, https:\/\/ormco.ch\/wp-content\/uploads\/sites\/10\/2024\/02\/Homepage-header-768x512.jpeg 768w, https:\/\/ormco.ch\/wp-content\/uploads\/sites\/10\/2024\/02\/Homepage-header-1536x1025.jpeg 1536w, https:\/\/ormco.ch\/wp-content\/uploads\/sites\/10\/2024\/02\/Homepage-header-2048x1366.jpeg 2048w, https:\/\/ormco.ch\/wp-content\/uploads\/sites\/10\/2024\/02\/Homepage-header-660x440.jpeg 660w, https:\/\/ormco.ch\/wp-content\/uploads\/sites\/10\/2024\/02\/Homepage-header-100x67.jpeg 100w\" sizes=\"auto, (max-width: 1024px) 100vw, 1024px\" \/><\/div><div class=\"banner-media visible-md visible-lg\"><img loading=\"lazy\" decoding=\"async\" width=\"2560\" height=\"1708\" src=\"https:\/\/ormco.ch\/wp-content\/uploads\/sites\/10\/2024\/02\/Homepage-header-scaled.jpeg\" class=\"attachment-full size-full\" alt=\"\" srcset=\"https:\/\/ormco.ch\/wp-content\/uploads\/sites\/10\/2024\/02\/Homepage-header-scaled.jpeg 2560w, https:\/\/ormco.ch\/wp-content\/uploads\/sites\/10\/2024\/02\/Homepage-header-300x200.jpeg 300w, https:\/\/ormco.ch\/wp-content\/uploads\/sites\/10\/2024\/02\/Homepage-header-1024x683.jpeg 1024w, https:\/\/ormco.ch\/wp-content\/uploads\/sites\/10\/2024\/02\/Homepage-header-768x512.jpeg 768w, https:\/\/ormco.ch\/wp-content\/uploads\/sites\/10\/2024\/02\/Homepage-header-1536x1025.jpeg 1536w, https:\/\/ormco.ch\/wp-content\/uploads\/sites\/10\/2024\/02\/Homepage-header-2048x1366.jpeg 2048w, https:\/\/ormco.ch\/wp-content\/uploads\/sites\/10\/2024\/02\/Homepage-header-660x440.jpeg 660w, https:\/\/ormco.ch\/wp-content\/uploads\/sites\/10\/2024\/02\/Homepage-header-100x67.jpeg 100w\" sizes=\"auto, (max-width: 2560px) 100vw, 2560px\" \/><\/div><div class=\"container\" ><div class=\"banner-content content-wrap\" ><div class=\"content content--white\" ><h1>Le pouvoir des<br \/>\ngrands sourires<\/h1>\n<p><span class=\"ormco-underline\">\u00a0\u00a0<\/span><\/p>\n<p>Chez Ormco, nous nous sommes donn\u00e9s pour mission de comprendre les sourires. Nous nous concentrons exclusivement sur les innovations qui sont l&#8217;avenir de votre pratique &#8211; nous vous aiderons \u00e0 changer des vies.<\/p>\n<\/div><div class=\"mt-30\"><div class=\"vc_btn3-container vc_btn3-inline\"><a href=\"https:\/\/ormco.ch\/fr\/produits\/\" class=\"vc_general vc_btn3 vc_btn3-size-md vc_btn3-style-btn vc_btn3-color-primary \" target=\"\">Explorer les produits<\/a><\/div><\/div><\/div><\/div><\/div>[\/vc_column][\/vc_row][\/vc_section][vc_section full_width=&#8221;stretch_row&#8221; css=&#8221;.vc_custom_1702894740302{margin-top: 0px !important;background-color: #f2f1ec !important;}&#8221;][vc_row content_placement=&#8221;middle&#8221;][vc_column width=&#8221;1\/2&#8243;][vc_single_image image=&#8221;7845&#8243; img_size=&#8221;480X480&#8243; alignment=&#8221;center&#8221;][\/vc_column][vc_column width=&#8221;1\/2&#8243;][vc_column_text]<\/p>\n<h2><span style=\"color: #0e1e4c;\">60 ans. Uniquement de l&#8217;orthodontie.<\/span><\/h2>\n<p><span class=\"ormco-underline\">\u00a0\u00a0<\/span><\/p>\n<p><span style=\"color: #0e1e4c;\">Ormco est \u00e0 l&#8217;origine de plus de 60 ans d&#8217;innovation orthodontique. Mais le plus important, c&#8217;est que nous sommes derri\u00e8re vous, pour vous aider \u00e0 obtenir les meilleurs r\u00e9sultats possibles pour chacun de vos patients.<\/span>[\/vc_column_text][vc_empty_space height=&#8221;20&#8243;][vc_btn title=&#8221;D\u00e9couvrez Ormco&#8221; style=&#8221;link&#8221; color=&#8221;secondary&#8221; i_align=&#8221;right&#8221; i_icon_fontawesome=&#8221;fas fa-angle-right&#8221; add_icon=&#8221;true&#8221; link=&#8221;url:https%3A%2F%2Formco.ch%2Ffr%2Formco%2Fmission%2F|title:Mission&#8221;][\/vc_column][\/vc_row][\/vc_section][vc_section][vc_row][vc_column]<div class=\"section-header\">\n                                <div class=\"content content--default\">\n                                    <h2 style=\"text-align: center;\"><span style=\"color: #0e1e4c;\">Un produit pour chaque patient<\/span><\/h2>\n<p style=\"text-align: center;\"><span class=\"ormco-underline\">\u00a0\u00a0<\/span><\/p>\n<p style=\"text-align: center;\">Avec des produits, des techniques et des processus couvrant l&#8217;ensemble de votre pratique, nous vous aiderons \u00e0 vous pencher sur l&#8217;orthodontie afin que vous puissiez offrir \u00e0 vos patients le plus beau des sourires.<\/p>\n\n                                <\/div>\n                            <\/div>[\/vc_column][\/vc_row][vc_row full_width=&#8221;stretch_row&#8221;][vc_column width=&#8221;1\/4&#8243;][vc_single_image image=&#8221;7869&#8243; img_size=&#8221;200&#215;200&#8243; alignment=&#8221;center&#8221;][vc_column_text css=&#8221;&#8221;]<\/p>\n<h3 style=\"text-align: center;\"><span style=\"color: #0e1e4c;\">Spark\u2122<\/span><\/h3>\n<p>&nbsp;<\/p>\n<p>[\/vc_column_text][vc_empty_space height=&#8221;20&#8243;][vc_btn title=&#8221;En savoir plus&#8221; style=&#8221;btn&#8221; color=&#8221;primary&#8221; align=&#8221;center&#8221; link=&#8221;url:https%3A%2F%2Formco.ch%2Ffr%2Fproduits%2Fspark%2F|title:Spark&#8221;][vc_empty_space height=&#8221;20&#8243;][\/vc_column][vc_column width=&#8221;1\/4&#8243;][vc_single_image image=&#8221;7878&#8243; img_size=&#8221;200&#215;200&#8243; alignment=&#8221;center&#8221;][vc_column_text css=&#8221;&#8221;]<\/p>\n<h3 style=\"text-align: center;\"><span style=\"color: #0e1e4c;\">Damon Ultima\u2122<\/span><\/h3>\n<p>&nbsp;<\/p>\n<p>[\/vc_column_text][vc_empty_space height=&#8221;20&#8243;][vc_btn title=&#8221;En savoir plus&#8221; style=&#8221;btn&#8221; color=&#8221;primary&#8221; align=&#8221;center&#8221; link=&#8221;url:https%3A%2F%2Formco.ch%2Ffr%2Fproduits%2Fbrackets%2Fauto-ligaturant%2Fdamon-ultima%2F|title:Damon%20Ultima&#8221;][vc_empty_space height=&#8221;20&#8243;][\/vc_column][vc_column width=&#8221;1\/4&#8243;][vc_single_image image=&#8221;7875&#8243; img_size=&#8221;200&#215;200&#8243; alignment=&#8221;center&#8221;][vc_column_text css=&#8221;&#8221;]<\/p>\n<h3 style=\"text-align: center;\"><span style=\"color: #0e1e4c;\">Symetri\u2122<\/span><\/h3>\n<p>&nbsp;<\/p>\n<p>[\/vc_column_text][vc_empty_space height=&#8221;20&#8243;][vc_btn title=&#8221;En savoir plus&#8221; style=&#8221;btn&#8221; color=&#8221;primary&#8221; align=&#8221;center&#8221; link=&#8221;url:https%3A%2F%2Formco.ch%2Ffr%2Fproduits%2Fbrackets%2Fbrackets-esteticos%2Fsymetri%2F|title:SYMETRI&#8221;][vc_empty_space height=&#8221;20&#8243;][\/vc_column][vc_column width=&#8221;1\/4&#8243;][vc_single_image image=&#8221;9351&#8243; img_size=&#8221;200&#215;200&#8243; alignment=&#8221;center&#8221; css=&#8221;&#8221;][vc_column_text css=&#8221;&#8221;]<\/p>\n<h3 style=\"text-align: center;\"><span style=\"color: #0e1e4c;\">Ormco\u2122 Digital Bonding<\/span><\/h3>\n<p>[\/vc_column_text][vc_empty_space height=&#8221;20&#8243;][vc_btn title=&#8221;En savoir plus&#8221; style=&#8221;btn&#8221; color=&#8221;primary&#8221; align=&#8221;center&#8221; css=&#8221;&#8221; link=&#8221;url:https%3A%2F%2Formco.ch%2Ffr%2Fproduits%2Formco-digital-bonding%2F|title:Ormco%20Digital%20Bonding&#8221;][vc_empty_space height=&#8221;20&#8243;][\/vc_column][\/vc_row][\/vc_section][vc_section css=&#8221;.vc_custom_1702373069520{margin-bottom: 70px !important;}&#8221;][vc_row][vc_column][vc_btn title=&#8221;Voir tout nos produits&#8221; style=&#8221;link&#8221; color=&#8221;secondary&#8221; align=&#8221;center&#8221; i_align=&#8221;right&#8221; i_icon_fontawesome=&#8221;fas fa-angle-right&#8221; add_icon=&#8221;true&#8221; link=&#8221;url:https%3A%2F%2Formco.ch%2Ffr%2Fproduits%2F|title:Products&#8221;][\/vc_column][\/vc_row][\/vc_section][vc_section full_width=&#8221;stretch_row&#8221; css=&#8221;.vc_custom_1725631430709{background-image: url(https:\/\/ormco.ch\/wp-content\/uploads\/sites\/10\/2024\/09\/ODB-blue-background-gradient-01-scaled.jpg?id=9348) !important;}&#8221;][vc_row][vc_column][vc_single_image image=&#8221;9345&#8243; img_size=&#8221;medium&#8221; alignment=&#8221;center&#8221; css=&#8221;&#8221;][\/vc_column][\/vc_row][vc_row][vc_column][vc_column_text css=&#8221;&#8221; el_class=&#8221;wpb_text_column&#8211;white&#8221;]<\/p>\n<h2 style=\"text-align: center;\"><span class=\"ormco-underline\">\u00a0\u00a0<\/span><\/h2>\n<h2 style=\"text-align: center;\">Le num\u00e9rique au service de l\u2019excellence clinique<\/h2>\n<p style=\"text-align: center;\">Bas\u00e9 sur la technologie Spark, Ormco Digital Bonding combine nos solutions pour obtenir le meilleur positionnement des brackets. Il s\u2019appuie sur les brackets et les arcs Ormco, la plateforme logicielle Spark et la technologie de jig de transfert Ormco pour rationaliser le flux de travail du cabinet.<\/p>\n<p>[\/vc_column_text][vc_single_image image=&#8221;9354&#8243; img_size=&#8221;full&#8221; alignment=&#8221;center&#8221; css_animation=&#8221;appear&#8221; css=&#8221;&#8221;][vc_empty_space height=&#8221;20px&#8221;][vc_btn title=&#8221;En savoir plus&#8221; style=&#8221;btn&#8221; color=&#8221;primary&#8221; align=&#8221;center&#8221; css=&#8221;&#8221; link=&#8221;url:https%3A%2F%2Formco.ch%2Ffr%2Fproduits%2Formco-digital-bonding%2F|title:Ormco%20Digital%20Bonding&#8221;][\/vc_column][\/vc_row][\/vc_section][vc_section full_width=&#8221;stretch_row&#8221; css=&#8221;.vc_custom_1703167117629{background-color: #4ec3e0 !important;}&#8221; el_class=&#8221;no-margin&#8221;][vc_row][vc_column][vc_single_image image=&#8221;7872&#8243; img_size=&#8221;full&#8221; alignment=&#8221;center&#8221; css=&#8221;.vc_custom_1708503642758{margin-bottom: 25px !important;}&#8221;][\/vc_column][\/vc_row][vc_row full_width=&#8221;stretch_row&#8221;][vc_column][vc_column_text el_class=&#8221;wpb_text_column&#8211;white&#8221;]<\/p>\n<p style=\"text-align: center;\"><span class=\"ormco-underline\">\u00a0\u00a0<\/span><\/p>\n<h2 style=\"text-align: center;\">Con\u00e7u pour les besoins des orthodontistes<\/h2>\n<p style=\"text-align: center;\">Spark est un syst\u00e8me d&#8217;aligneurs transparents avanc\u00e9 con\u00e7u pour une planification de traitement plus pr\u00e9visible et plus efficace, du d\u00e9but \u00e0 la fin.<\/p>\n<p>[\/vc_column_text][vc_single_image image=&#8221;7866&#8243; img_size=&#8221;large&#8221; alignment=&#8221;center&#8221;][vc_empty_space height=&#8221;20&#8243;][vc_btn title=&#8221;En savoir plus&#8221; style=&#8221;btn&#8221; color=&#8221;primary&#8221; align=&#8221;center&#8221; link=&#8221;url:https%3A%2F%2Formco.ch%2Ffr%2Fproduits%2Fspark%2F|title:Spark&#8221;][\/vc_column][\/vc_row][\/vc_section][vc_section full_width=&#8221;stretch_row&#8221; css=&#8221;.vc_custom_1702308552432{background-color: #0e1e4c !important;}&#8221; el_class=&#8221;no-margin&#8221;][vc_row el_class=&#8221;layout&#8211;content-left&#8221;][vc_column][vc_column_text el_class=&#8221;wpb_text_column&#8211;white&#8221;]<\/p>\n<h2 style=\"text-align: left;\">Am\u00e9liorez votre pratique et devenez un fournisseur aujourd\u2019hui.<\/h2>\n<p style=\"text-align: left;\">Le moment est venu !<\/p>\n<p>[\/vc_column_text][vc_empty_space height=&#8221;20&#8243;]<div class=\"vc_btn3-container vc_btn3-inline\">\n                                            <button type=\"button\" class=\"vc_general vc_btn3 vc_btn3-size-md vc_btn3-style-btn vc_btn3-color-primary\"\n                                                    data-toggle=\"modal\" data-target=\"#modal-commencer-aujourdhui-680\">Commencer aujourd\u2019hui<\/button><\/div><div class=\"modal fade\" id=\"modal-commencer-aujourdhui-680\" tabindex=\"-1\"\n                                 aria-labelledby=\"commencer-aujourdhui-680\" aria-hidden=\"true\">\n                                <div class=\"modal-dialog modal-dialog-centered\">\n                                    <div class=\"modal-content content content--default\">\n                                        <div class=\"modal-header\">\n                                             <button type=\"button\" class=\"close\" data-dismiss=\"modal\" aria-label=\"Close\">\n                                                 <svg class=\"svg-icon\" style=\"fill: #666666; overflow: hidden;\" viewBox=\"0 0 1024 1024\"\n                                                      version=\"1.1\" xmlns=\"http:\/\/www.w3.org\/2000\/svg\">\n                                                      <path d=\"M4.43392 97.36192l90.5088-90.5088 923.18976 923.18976-90.5088 90.5088-923.18976-923.18976ZM930.04288 4.43392l90.5088 90.5088-923.18976 923.18976-90.5088-90.5088 923.18976-923.18976Z\"\/>\n                                                 <\/svg>\n                                             <\/button><h2>Commencer aujourd\u2019hui<\/h2>\n<\/div><div class=\"modal-body\"><script charset=\"utf-8\" type=\"text\/javascript\" src=\"\/\/js.hsforms.net\/forms\/v2.js\"><\/script>\n                                <script>\n                                    hbspt.forms.create({\n                                       portalId: \"\",\n                                       formId: \"1c964b1c-a15b-4550-b462-9212674469e8\",\n                                    });\n                                <\/script><\/div><\/div><\/div><\/div>[\/vc_column][\/vc_row][\/vc_section][vc_section full_width=&#8221;stretch_row&#8221; css=&#8221;.vc_custom_1702373029038{background-color: #f2f1ec !important;}&#8221; el_class=&#8221;no-margin&#8221;][vc_row][vc_column width=&#8221;1\/2&#8243;][vc_empty_space height=&#8221;70&#8243;][vc_column_text]<\/p>\n<h2>\u00c9duquer et \u00e9lever<\/h2>\n<p><span class=\"ormco-underline\">\u00a0\u00a0<\/span><\/p>\n<p>Une grande partie de ce que nous faisons chez Ormco est d&#8217;\u00e9duquer les orthodontistes sur les prochaines \u00e9tapes de leur pratique. Rejoignez-nous dans la salle de classe, o\u00f9 nous vous pr\u00e9senterons l&#8217;avenir de votre cabinet.[\/vc_column_text][vc_empty_space height=&#8221;20&#8243;][vc_btn title=&#8221;D\u00e9couvrez la formation&#8221; style=&#8221;btn&#8221; color=&#8221;secondary&#8221; link=&#8221;url:https%3A%2F%2Formco.ch%2Ffr%2Feducation%2F|title:Education&#8221;][\/vc_column][vc_column width=&#8221;1\/2&#8243;][vc_single_image image=&#8221;7854&#8243; img_size=&#8221;full&#8221;][\/vc_column][\/vc_row][\/vc_section][vc_section full_width=&#8221;stretch_row&#8221; css=&#8221;.vc_custom_1702308552432{background-color: #0e1e4c !important;}&#8221; el_class=&#8221;no-margin&#8221;][vc_row el_class=&#8221;layout&#8211;content-right&#8221;][vc_column][vc_column_text el_class=&#8221;wpb_text_column&#8211;white&#8221;]<\/p>\n<h2>Recevez la newsletter Ormco dans votre bo\u00eete de r\u00e9ception<\/h2>\n<p>Chaque mois, nous envoyons une newsletter pour vous informer des derniers d\u00e9veloppements produits, des \u00e9tudes de cas et des cours et \u00e9v\u00e9nements \u00e0 venir ![\/vc_column_text][vc_empty_space height=&#8221;20&#8243;]<div class=\"vc_btn3-container vc_btn3-inline\">\n                                            <button type=\"button\" class=\"vc_general vc_btn3 vc_btn3-size-md vc_btn3-style-btn vc_btn3-color-primary\"\n                                                    data-toggle=\"modal\" data-target=\"#modal-sabonner-393\">S&#039;abonner<\/button><\/div><div class=\"modal fade\" id=\"modal-sabonner-393\" tabindex=\"-1\"\n                                 aria-labelledby=\"sabonner-393\" aria-hidden=\"true\">\n                                <div class=\"modal-dialog modal-dialog-centered\">\n                                    <div class=\"modal-content content content--default\">\n                                        <div class=\"modal-header\">\n                                             <button type=\"button\" class=\"close\" data-dismiss=\"modal\" aria-label=\"Close\">\n                                                 <svg class=\"svg-icon\" style=\"fill: #666666; overflow: hidden;\" viewBox=\"0 0 1024 1024\"\n                                                      version=\"1.1\" xmlns=\"http:\/\/www.w3.org\/2000\/svg\">\n                                                      <path d=\"M4.43392 97.36192l90.5088-90.5088 923.18976 923.18976-90.5088 90.5088-923.18976-923.18976ZM930.04288 4.43392l90.5088 90.5088-923.18976 923.18976-90.5088-90.5088 923.18976-923.18976Z\"\/>\n                                                 <\/svg>\n                                             <\/button><h2>Recevez la newsletter Ormco dans votre bo\u00eete de r\u00e9ception<\/h2>\n<\/div><div class=\"modal-body\"><script charset=\"utf-8\" type=\"text\/javascript\" src=\"\/\/js.hsforms.net\/forms\/v2.js\"><\/script>\n                                <script>\n                                    hbspt.forms.create({\n                                       portalId: \"\",\n                                       formId: \"32ba47d0-bfb9-4f05-b82d-5059a2d20f90\",\n                                    });\n                                <\/script><\/div><\/div><\/div><\/div>[\/vc_column][\/vc_row][\/vc_section][vc_row][vc_column][vc_empty_space height=&#8221;40px&#8221;][vc_column_text]<\/p>\n<h2 class=\"cvGsUA direction-ltr align-center para-style-body\">Nos r\u00e9sultats<\/h2>\n<p>[\/vc_column_text][vc_empty_space height=&#8221;40px&#8221;][\/vc_column][\/vc_row][vc_row][vc_column width=&#8221;1\/3&#8243; offset=&#8221;vc_hidden-sm vc_hidden-xs&#8221;][vc_single_image image=&#8221;7848&#8243; alignment=&#8221;center&#8221; style=&#8221;vc_box_circle_2&#8243;][vc_empty_space][vc_column_text]<\/p>\n<h4><span class=\"text-spark\" style=\"color: #0e1e4c;\">61 semaines de traitement<\/span><\/h4>\n<p>Type de malocclusion : b\u00e9ance<\/p>\n<p>Trait\u00e9 par le Dr Diego Peydro[\/vc_column_text][vc_empty_space][vc_btn title=&#8221;Galerie de cas&#8221; style=&#8221;btn&#8221; color=&#8221;primary&#8221; css=&#8221;&#8221; link=&#8221;url:https%3A%2F%2Formco.ch%2Ffr%2Frapports-de-cas%2F|title:Rapports%20de%20cas&#8221;][\/vc_column][vc_column width=&#8221;2\/3&#8243;]<div class=\"before-after\"><div class=\"ba-slider\" data-component=\"ba-slider\">\n                                <div class=\"slider\">\n                                    <label for=\"slider-range\" class=\"slider-label\">Move image comparison slider<\/label>\n                                    <input type=\"range\" min=\"0\" max=\"100\" value=\"50\" class=\"slider-range\" id=\"slider-range\" data-ba-range=\"\">\n                                    <div class=\"slide slide--overlay\" data-ba-overlay=\"\">\n                                         <figure class=\"slide-figure slide-figure--overlay\">\n                                            <img loading=\"lazy\" decoding=\"async\" width=\"1460\" height=\"730\" src=\"https:\/\/ormco.ch\/wp-content\/uploads\/sites\/10\/2024\/02\/Our-results-Before-openbite-teeth-1.jpg\" class=\"attachment-before-after size-before-after\" alt=\"\" srcset=\"https:\/\/ormco.ch\/wp-content\/uploads\/sites\/10\/2024\/02\/Our-results-Before-openbite-teeth-1.jpg 1460w, https:\/\/ormco.ch\/wp-content\/uploads\/sites\/10\/2024\/02\/Our-results-Before-openbite-teeth-1-300x150.jpg 300w, https:\/\/ormco.ch\/wp-content\/uploads\/sites\/10\/2024\/02\/Our-results-Before-openbite-teeth-1-1024x512.jpg 1024w, https:\/\/ormco.ch\/wp-content\/uploads\/sites\/10\/2024\/02\/Our-results-Before-openbite-teeth-1-768x384.jpg 768w, https:\/\/ormco.ch\/wp-content\/uploads\/sites\/10\/2024\/02\/Our-results-Before-openbite-teeth-1-100x50.jpg 100w\" sizes=\"auto, (max-width: 1460px) 100vw, 1460px\" \/>\n                                            <figcaption class=\"slide-caption slide-caption--before\">\n                                                  <span>Avant<\/span>\n                                             <\/figcaption>\n                                         <\/figure>\n                                    <\/div>\n                                    <div class=\"slide-toggle\" data-ba-toggle=\"\">\n                                        <span class=\"slide-thumb\">\n                                           <svg xmlns=\"http:\/\/www.w3.org\/2000\/svg\" width=\"18\" height=\"10\"\n                                                viewBox=\"0 0 18 10\" fill=\"#fff\">\n                                              <path d=\"M12.121 4.703V.488c0-.302.384-.454.609-.24l4.42 4.214a.33.33 0 0 1 0 .481l-4.42 4.214c-.225.215-.609.063-.609-.24V4.703z\"><\/path>\n                                              <path d=\"M5.879 4.703V.488c0-.302-.384-.454-.609-.24L.85 4.462a.33.33 0 0 0 0 .481l4.42 4.214c.225.215.609.063.609-.24V4.703z\"><\/path>\n                                           <\/svg>\n                                        <\/span>\n                                    <\/div>\n                                    <div class=\"slide\">\n                                       <figure class=\"slide-figure\">\n                                            <img loading=\"lazy\" decoding=\"async\" width=\"1460\" height=\"730\" src=\"https:\/\/ormco.ch\/wp-content\/uploads\/sites\/10\/2024\/02\/Our-results-After-openbite-teeth-1.jpg\" class=\"attachment-before-after size-before-after\" alt=\"\" srcset=\"https:\/\/ormco.ch\/wp-content\/uploads\/sites\/10\/2024\/02\/Our-results-After-openbite-teeth-1.jpg 1460w, https:\/\/ormco.ch\/wp-content\/uploads\/sites\/10\/2024\/02\/Our-results-After-openbite-teeth-1-300x150.jpg 300w, https:\/\/ormco.ch\/wp-content\/uploads\/sites\/10\/2024\/02\/Our-results-After-openbite-teeth-1-1024x512.jpg 1024w, https:\/\/ormco.ch\/wp-content\/uploads\/sites\/10\/2024\/02\/Our-results-After-openbite-teeth-1-768x384.jpg 768w, https:\/\/ormco.ch\/wp-content\/uploads\/sites\/10\/2024\/02\/Our-results-After-openbite-teeth-1-100x50.jpg 100w\" sizes=\"auto, (max-width: 1460px) 100vw, 1460px\" \/>\n                                            <figcaption class=\"slide-caption slide-caption--after\">\n                                                <span>Apr\u00e8s<\/span>\n                                            <\/figcaption>\n                                        <\/figure>\n                                    <\/div>\n                                <\/div>\n                           <\/div><\/div>[\/vc_column][\/vc_row][vc_row][vc_column][vc_empty_space height=&#8221;40px&#8221;][\/vc_column][\/vc_row]<\/p>\n<\/div>","protected":false},"excerpt":{"rendered":"<p>[vc_section full_width=&#8221;stretch_row_content&#8221; el_class=&#8221;no-margin&#8221;][vc_row full_width=&#8221;stretch_row_content_no_spaces&#8221;][vc_column][\/vc_column][\/vc_row][\/vc_section][vc_section full_width=&#8221;stretch_row&#8221; css=&#8221;.vc_custom_1702894740302{margin-top: 0px !important;background-color: #f2f1ec !important;}&#8221;][vc_row content_placement=&#8221;middle&#8221;][vc_column width=&#8221;1\/2&#8243;][vc_single_image image=&#8221;7845&#8243; img_size=&#8221;480X480&#8243; alignment=&#8221;center&#8221;][\/vc_column][vc_column width=&#8221;1\/2&#8243;][vc_column_text] 60 ans. Uniquement de l&#8217;orthodontie. \u00a0\u00a0 Ormco est \u00e0 l&#8217;origine de plus de 60 ans d&#8217;innovation orthodontique. Mais le plus important, c&#8217;est que nous sommes derri\u00e8re vous, pour vous aider \u00e0 obtenir les meilleurs r\u00e9sultats possibles pour chacun de [&hellip;]<\/p>\n","protected":false},"author":2,"featured_media":0,"parent":0,"menu_order":3,"comment_status":"closed","ping_status":"closed","template":"template-inicio.php","meta":{"_acf_changed":false,"inline_featured_image":false,"footnotes":""},"class_list":["post-5","page","type-page","status-publish","hentry"],"acf":[],"_links":{"self":[{"href":"https:\/\/ormco.ch\/fr\/wp-json\/wp\/v2\/pages\/5","targetHints":{"allow":["GET"]}}],"collection":[{"href":"https:\/\/ormco.ch\/fr\/wp-json\/wp\/v2\/pages"}],"about":[{"href":"https:\/\/ormco.ch\/fr\/wp-json\/wp\/v2\/types\/page"}],"author":[{"embeddable":true,"href":"https:\/\/ormco.ch\/fr\/wp-json\/wp\/v2\/users\/2"}],"replies":[{"embeddable":true,"href":"https:\/\/ormco.ch\/fr\/wp-json\/wp\/v2\/comments?post=5"}],"version-history":[{"count":66,"href":"https:\/\/ormco.ch\/fr\/wp-json\/wp\/v2\/pages\/5\/revisions"}],"predecessor-version":[{"id":11190,"href":"https:\/\/ormco.ch\/fr\/wp-json\/wp\/v2\/pages\/5\/revisions\/11190"}],"wp:attachment":[{"href":"https:\/\/ormco.ch\/fr\/wp-json\/wp\/v2\/media?parent=5"}],"curies":[{"name":"wp","href":"https:\/\/api.w.org\/{rel}","templated":true}]}}